{"id":46,"date":"2022-01-21T11:28:32","date_gmt":"2022-01-21T11:28:32","guid":{"rendered":"https:\/\/in-frieden-kommen.de\/?page_id=46"},"modified":"2026-02-19T13:27:37","modified_gmt":"2026-02-19T13:27:37","slug":"friedensort-gerode","status":"publish","type":"page","link":"https:\/\/in-frieden-kommen.de\/in-frieden-kommen\/friedensort-gerode\/","title":{"rendered":"Friedensort Gerode &#8211; Potential und Erweiterung"},"content":{"rendered":"\n<p class=\"has-text-align-left\"><strong>Aufbau einer Internationalen Bildungs- und Begegnungsst\u00e4tte f\u00fcr Gesundheit, Kultur und Frieden im Kloster Gerode<\/strong><\/p>\n\n\n\n<figure class=\"wp-block-image size-large\"><img loading=\"lazy\" decoding=\"async\" width=\"1024\" height=\"576\" src=\"https:\/\/in-frieden-kommen.de\/wp-content\/uploads\/2022\/02\/IMG_1251schmal-1024x576.jpg\" alt=\"\" class=\"wp-image-903\" srcset=\"https:\/\/in-frieden-kommen.de\/wp-content\/uploads\/2022\/02\/IMG_1251schmal-1024x576.jpg 1024w, https:\/\/in-frieden-kommen.de\/wp-content\/uploads\/2022\/02\/IMG_1251schmal-300x169.jpg 300w, https:\/\/in-frieden-kommen.de\/wp-content\/uploads\/2022\/02\/IMG_1251schmal-768x432.jpg 768w, https:\/\/in-frieden-kommen.de\/wp-content\/uploads\/2022\/02\/IMG_1251schmal-1536x864.jpg 1536w, https:\/\/in-frieden-kommen.de\/wp-content\/uploads\/2022\/02\/IMG_1251schmal-2048x1152.jpg 2048w, https:\/\/in-frieden-kommen.de\/wp-content\/uploads\/2022\/02\/IMG_1251schmal-676x380.jpg 676w\" sizes=\"auto, (max-width: 1024px) 100vw, 1024px\" \/><\/figure>\n\n\n\n<p><\/p>\n\n\n\n<p>G\u00e4ste und Teilnehmerinnen an den Angeboten der <em>WEG DER MITTE  Daya Mullins Stiftung<\/em> im Kloster Gerode sind in die achtsame Struktur der Klostergemeinschaft und in das 10 ha gro\u00dfe, von einer durchgehenden Mauer aus dem 13.\/14. Jahrhundert gesch\u00fctzte Klosteranwesen eingebettet \u2013 inmitten der unber\u00fchrten Natur des Eichfelds. Jeder, der diesen Ort und das gemeinschaftliche Leben und Lernen dort erfahren hat, beschreibt seine Wirkung auf Stimmung und Seele als:<\/p>\n\n\n\n<p><strong>FRIEDVOLL<\/strong><\/p>\n\n\n\n<p><\/p>\n\n\n\n<p>&#8222;Seit 1994 ist Kloster Gerode als \u201eKloster der neuen Zeit\u201c f\u00fcr Hunderttausende von G\u00e4sten und TeilnehmerInnen ein Ort des Friedens, der Stille und der inneren Einkehr. Seit seiner Ersterw\u00e4hnung 1124 war es als Benediktinerkloster ein Ort geistiger Tradition &#8211; ein Anziehungspunkt im Eichsfeld \u00fcber Jahrhunderte.\u201c So beschreibt es die Brosch\u00fcre von <em>WEG DER MITTE<\/em> zur Revitalisierung der Klosterkirche. <\/p>\n\n\n\n<p>Schon heute ist Gerode ein internationales Gesundheits-, Bildungs- und Kulturzentrum mit einem Forum f\u00fcr Erfahrungsaustausch zu Themen interkultureller, offener geistiger Verst\u00e4ndigung und Dialog f\u00fcr Menschen aus der Region, aus ganz Deutschland, Europa und dar\u00fcber hinaus.<\/p>\n\n\n\n<p>Mit 36 Arbeits- sowie Ausbildungspl\u00e4tzen in Gerode ist <em>WEG DER MITTE<\/em> der gr\u00f6\u00dfte Arbeitgeber im n\u00f6rdlichen Teil des Eichsfeldes. Mit dem Ausbau und der Revitalisierung der Klosterkiche und Klosterhalle als Gesamtensemble wird die friedensstiftende \u00fcberkonfessionelle Arbeit von <em>WEG DER MITTE<\/em> vertieft und erweitert. <\/p>\n\n\n\n<p>Die Einbindung des Klosters in Natur und Stille, umgeben von der Klostermauer aus dem 13.\/14. Jahrhundert, verst\u00e4rkt die Qualit\u00e4ten von Heilung und Frieden.<\/p>\n\n\n\n<p>Der aus dem Verein hervorgegangenen Stiftung liegt es sehr am Herzen, die Klosterkirche zusammen mit der angrenzenden Klosterhalle in Erweiterung der bestehenden Stiftungsarbeit ganzj\u00e4hrig \u00fcberkonfessionell, interkulturell und international nutzbar zu machen.<\/p>\n\n\n\n<p>Eine ehrenamtliche Fundraising-Gruppe, der ich (Reinhard Billmeier) seit Beginn angeh\u00f6re, arbeitet an Finanzierungs- und F\u00f6rderm\u00f6glichkeiten. Entw\u00fcrfe f\u00fcr die zuk\u00fcnftige Nutzung des Gesamt-Ensembles liegen von Studenten der HTWK Leipzig, der Bauhaus-Universit\u00e4t Weimar sowie von Architekten vor, die dem Projekt nahe stehen. Eine ganz neue Qualit\u00e4t des Kirchengeb\u00e4udes wurde inzwischen durch die Verlegung historischer Sandsteinplatten im Innenraum erreicht.<\/p>\n\n\n\n<figure class=\"wp-block-image size-large\"><img decoding=\"async\" src=\"https:\/\/in-frieden-kommen.de\/wp-content\/uploads\/2026\/02\/2024-08-Fest-Gerode11-1024x577.jpg\" alt=\"\" class=\"wp-image-2659\"\/><\/figure>\n\n\n\n<p>Weitere Informationen:<\/p>\n\n\n\n<p><a rel=\"noreferrer noopener\" href=\"https:\/\/in-frieden-kommen.de\/wp-content\/uploads\/2022\/02\/Klosterkirche-Abstract.pdf\" data-type=\"URL\" data-id=\"https:\/\/in-frieden-kommen.de\/wp-content\/uploads\/2022\/02\/Klosterkirche-Abstract.pdf\" target=\"_blank\"><em><strong>&gt; Abstract als PDF<\/strong><\/em><\/a><\/p>\n\n\n\n<p><em><strong><a href=\"https:\/\/in-frieden-kommen.de\/wp-content\/uploads\/2022\/02\/fundraisingvideogerode.mp4\" target=\"_blank\" rel=\"noreferrer noopener\">&gt; Video zur Klosterkirche<\/a><\/strong><\/em><\/p>\n\n\n\n<p><em><strong><a href=\"https:\/\/www.wegdermitte.de\/jahresschrift2020\/index.html#p=13\" data-type=\"URL\" data-id=\"https:\/\/www.wegdermitte.de\/jahresschrift2020\/index.html#p=13\" target=\"_blank\" rel=\"noreferrer noopener\">&gt; Beschreibung auf der Website WEG DER MITTE<\/a><\/strong><\/em><\/p>\n\n\n\n<div class=\"wp-block-group\"><div class=\"wp-block-group__inner-container is-layout-flow wp-block-group-is-layout-flow\"><\/div><\/div>\n\n\n\n<figure class=\"wp-block-image size-large\"><img loading=\"lazy\" decoding=\"async\" width=\"1024\" height=\"716\" src=\"https:\/\/in-frieden-kommen.de\/wp-content\/uploads\/2023\/02\/2023-Friedensort-Gerode-1024x716.png\" alt=\"\" class=\"wp-image-2593\" srcset=\"https:\/\/in-frieden-kommen.de\/wp-content\/uploads\/2023\/02\/2023-Friedensort-Gerode-1024x716.png 1024w, https:\/\/in-frieden-kommen.de\/wp-content\/uploads\/2023\/02\/2023-Friedensort-Gerode-300x210.png 300w, https:\/\/in-frieden-kommen.de\/wp-content\/uploads\/2023\/02\/2023-Friedensort-Gerode-768x537.png 768w, https:\/\/in-frieden-kommen.de\/wp-content\/uploads\/2023\/02\/2023-Friedensort-Gerode-1536x1075.png 1536w, https:\/\/in-frieden-kommen.de\/wp-content\/uploads\/2023\/02\/2023-Friedensort-Gerode-676x473.png 676w, https:\/\/in-frieden-kommen.de\/wp-content\/uploads\/2023\/02\/2023-Friedensort-Gerode.png 1665w\" sizes=\"auto, (max-width: 1024px) 100vw, 1024px\" \/><\/figure>\n","protected":false},"excerpt":{"rendered":"<p>Aufbau einer Internationalen Bildungs- und Begegnungsst\u00e4tte f\u00fcr Gesundheit, Kultur und Frieden im Kloster Gerode G\u00e4ste und Teilnehmerinnen an den Angeboten der WEG DER MITTE Daya Mullins Stiftung im Kloster Gerode [&hellip;]<\/p>\n","protected":false},"author":1,"featured_media":0,"parent":0,"menu_order":0,"comment_status":"closed","ping_status":"closed","template":"template-fullwidth.php","meta":{"footnotes":""},"class_list":["post-46","page","type-page","status-publish","hentry","post-preview"],"_links":{"self":[{"href":"https:\/\/in-frieden-kommen.de\/in-frieden-kommen\/wp-json\/wp\/v2\/pages\/46","targetHints":{"allow":["GET"]}}],"collection":[{"href":"https:\/\/in-frieden-kommen.de\/in-frieden-kommen\/wp-json\/wp\/v2\/pages"}],"about":[{"href":"https:\/\/in-frieden-kommen.de\/in-frieden-kommen\/wp-json\/wp\/v2\/types\/page"}],"author":[{"embeddable":true,"href":"https:\/\/in-frieden-kommen.de\/in-frieden-kommen\/wp-json\/wp\/v2\/users\/1"}],"replies":[{"embeddable":true,"href":"https:\/\/in-frieden-kommen.de\/in-frieden-kommen\/wp-json\/wp\/v2\/comments?post=46"}],"version-history":[{"count":65,"href":"https:\/\/in-frieden-kommen.de\/in-frieden-kommen\/wp-json\/wp\/v2\/pages\/46\/revisions"}],"predecessor-version":[{"id":2661,"href":"https:\/\/in-frieden-kommen.de\/in-frieden-kommen\/wp-json\/wp\/v2\/pages\/46\/revisions\/2661"}],"wp:attachment":[{"href":"https:\/\/in-frieden-kommen.de\/in-frieden-kommen\/wp-json\/wp\/v2\/media?parent=46"}],"curies":[{"name":"wp","href":"https:\/\/api.w.org\/{rel}","templated":true}]}}