{"id":330,"date":"2022-02-03T13:59:32","date_gmt":"2022-02-03T13:59:32","guid":{"rendered":"https:\/\/in-frieden-kommen.de\/?page_id=330"},"modified":"2022-08-16T15:27:11","modified_gmt":"2022-08-16T15:27:11","slug":"wer-wir-sind","status":"publish","type":"page","link":"https:\/\/in-frieden-kommen.de\/in-frieden-kommen\/wer-wir-sind\/","title":{"rendered":"Wer wir sind"},"content":{"rendered":"\n<p><strong>Reinhard Billmeier<\/strong><\/p>\n\n\n\n<figure class=\"wp-block-image is-style-default\"><img loading=\"lazy\" decoding=\"async\" width=\"179\" height=\"267\" src=\"https:\/\/in-frieden-kommen.de\/wp-content\/uploads\/2022\/02\/Portrait-Reinhard.jpg\" alt=\"\" class=\"wp-image-571\"\/><\/figure>\n\n\n\n<p>Dem Friedensort und der Klostergemeinschaft in Gerode bin ich seit langem und vielf\u00e4ltig verbunden. Die Teilnahme an mehreren Retreats und Klostertagen bildeten den Auftakt, 2010 durfte ich selbst als Leiter mit der Tradition j\u00e4hrlicher Achtsamkeits-Retreats f\u00fcr Berufst\u00e4tige im Kloster starten, die inzwischen mit Matthias Lauterbach ein intensives dauerhaftes Format zum Innehalten und Meditieren und zur Begleitung pers\u00f6nlicher Entwicklung gefunden haben. Von Anfang an war ich Teil der ehrenamtlichen Fundraising-Gruppe, die sich mit um die Mittel zur Erweiterung der Vision des Friedenszentrums engagiert.<\/p>\n\n\n\n<p>2019 konnte ich so auch mein biografisch motiviertes Pilgern von Hildesheim nach Bayern mit diesem Sinn verbinden und erste Erfahrung sammeln mit der damals sehr kurzfristig ver\u00f6ffentlichten km-Spenden-Aktion. Seither gibt es die Pilgerseminare im Kloster, auch sie finanzieren den Aufbau mit.<\/p>\n\n\n\n<p>Im April\/Mai 22 war ich pilgernd unterwegs mit dem ausschlie\u00dflichen Ziel, die Vision bekannt zu machen und Geldmittel daf\u00fcr einzuwerben. Der (erst einmal abgeschlossene) Pilgerweg und Informationen zur weiteren Relisierung der Vision sind auf dieser Webseite dargestellt. Wer an weiteren Informationen zu meiner Arbeit insgesamt interessiert ist, wird hier f\u00fcndig:<\/p>\n\n\n\n<p><em><a rel=\"noreferrer noopener\" href=\"http:\/\/www.r-billmeier.de\" target=\"_blank\"><strong>www.r-billmeier.de<\/strong><\/a>&nbsp;<\/em> \/&nbsp; <a rel=\"noreferrer noopener\" href=\"http:\/\/www.acht-sam-keit.de\" target=\"_blank\"><em><strong>www.acht-sam-keit.de<\/strong><\/em><\/a>&nbsp; \/&nbsp; <a rel=\"noreferrer noopener\" href=\"http:\/\/www.forschungs-reise.de\" target=\"_blank\"><em><strong>www.forschungs-reise.de<\/strong><\/em><\/a><\/p>\n\n\n\n<p><\/p>\n\n\n\n<p><strong>Petra Hartmann<\/strong><\/p>\n\n\n\n<figure class=\"wp-block-image size-large is-resized is-style-default\"><img decoding=\"async\" src=\"https:\/\/in-frieden-kommen.de\/wp-content\/uploads\/2022\/02\/Portraet-Petra-768x1024.jpg\" alt=\"\" class=\"wp-image-572\" width=\"179\" srcset=\"https:\/\/in-frieden-kommen.de\/wp-content\/uploads\/2022\/02\/Portraet-Petra-768x1024.jpg 768w, https:\/\/in-frieden-kommen.de\/wp-content\/uploads\/2022\/02\/Portraet-Petra-225x300.jpg 225w, https:\/\/in-frieden-kommen.de\/wp-content\/uploads\/2022\/02\/Portraet-Petra-676x901.jpg 676w, https:\/\/in-frieden-kommen.de\/wp-content\/uploads\/2022\/02\/Portraet-Petra.jpg 1080w\" sizes=\"(max-width: 768px) 100vw, 768px\" \/><\/figure>\n\n\n\n<p>Reinhard kenne ich inzwischen seit \u00fcber 10 Jahren. Zun\u00e4chst als Coach und Seminarleiter verbindet uns heute auch eine freundschaftliche Beziehung.<\/p>\n\n\n\n<p>Seit 2011 besuche ich regelm\u00e4\u00dfig das Kloster Gerode. Mir tun die Atmosph\u00e4re des Klosters, die Abwechslung aus Ruhe und Bewegung, die liebevolle Versorgung wohl. Sie unterst\u00fctzen mich innere Ausrichtung und inneren Frieden immer wieder neu zu entdecken und so gest\u00e4rkt in den Alltag zur\u00fcckzukehren.<\/p>\n\n\n\n<p>Dass es mir hier m\u00f6glich ist, sowohl Reinhard als auch das Kloster Gerode zu unterst\u00fctzen, freut mich ganz besonders. <\/p>\n","protected":false},"excerpt":{"rendered":"<p>Reinhard Billmeier Dem Friedensort und der Klostergemeinschaft in Gerode bin ich seit langem und vielf\u00e4ltig verbunden. Die Teilnahme an mehreren Retreats und Klostertagen bildeten den Auftakt, 2010 durfte ich selbst [&hellip;]<\/p>\n","protected":false},"author":1,"featured_media":0,"parent":0,"menu_order":0,"comment_status":"closed","ping_status":"closed","template":"template-fullwidth.php","meta":{"footnotes":""},"class_list":["post-330","page","type-page","status-publish","hentry","post-preview"],"_links":{"self":[{"href":"https:\/\/in-frieden-kommen.de\/in-frieden-kommen\/wp-json\/wp\/v2\/pages\/330","targetHints":{"allow":["GET"]}}],"collection":[{"href":"https:\/\/in-frieden-kommen.de\/in-frieden-kommen\/wp-json\/wp\/v2\/pages"}],"about":[{"href":"https:\/\/in-frieden-kommen.de\/in-frieden-kommen\/wp-json\/wp\/v2\/types\/page"}],"author":[{"embeddable":true,"href":"https:\/\/in-frieden-kommen.de\/in-frieden-kommen\/wp-json\/wp\/v2\/users\/1"}],"replies":[{"embeddable":true,"href":"https:\/\/in-frieden-kommen.de\/in-frieden-kommen\/wp-json\/wp\/v2\/comments?post=330"}],"version-history":[{"count":20,"href":"https:\/\/in-frieden-kommen.de\/in-frieden-kommen\/wp-json\/wp\/v2\/pages\/330\/revisions"}],"predecessor-version":[{"id":2386,"href":"https:\/\/in-frieden-kommen.de\/in-frieden-kommen\/wp-json\/wp\/v2\/pages\/330\/revisions\/2386"}],"wp:attachment":[{"href":"https:\/\/in-frieden-kommen.de\/in-frieden-kommen\/wp-json\/wp\/v2\/media?parent=330"}],"curies":[{"name":"wp","href":"https:\/\/api.w.org\/{rel}","templated":true}]}}