{"id":2401,"date":"2022-08-10T09:54:03","date_gmt":"2022-08-10T09:54:03","guid":{"rendered":"https:\/\/in-frieden-kommen.de\/?page_id=2401"},"modified":"2026-02-17T10:48:13","modified_gmt":"2026-02-17T10:48:13","slug":"in-frieden-kommen","status":"publish","type":"page","link":"https:\/\/in-frieden-kommen.de\/in-frieden-kommen\/","title":{"rendered":"&#8222;In Frieden kommen&#8220;"},"content":{"rendered":"\n<p>Unter diesem Motto war ich vom 7.4. bis zum 8.5.2022 auf meiner zweiten gro\u00dfen <strong><em><a rel=\"noreferrer noopener\" href=\"https:\/\/in-frieden-kommen.de\/in-frieden-kommen\/ueber-uns\/\" data-type=\"URL\" data-id=\"https:\/\/in-frieden-kommen.de\/in-frieden-kommen\/ueber-uns\/\" target=\"_blank\">&gt;Pilgerreise<\/a><\/em><\/strong> unterwegs zur Unterst\u00fctzung der Friedensarbeit im Kloster Gerode. Diese  Webseite war als begleitender <strong><a href=\"https:\/\/in-frieden-kommen.de\/in-frieden-kommen\/pilgerblog-2022\/\" data-type=\"URL\" data-id=\"https:\/\/in-frieden-kommen.de\/in-frieden-kommen\/pilgerblog-2022\/\" target=\"_blank\" rel=\"noreferrer noopener\">&gt;<em>Blog<\/em><\/a><\/strong> eigens daf\u00fcr eingerichtet, um das Thema in eine breitere \u00d6ffentlichkeit zu bringen, auf Veranstaltungen unterwegs hinzuweisen und die verschiedenen M\u00f6glichkeiten der Teilnahme zu koordinieren. <\/p>\n\n\n\n<figure class=\"wp-block-image size-large\"><img loading=\"lazy\" decoding=\"async\" width=\"1024\" height=\"768\" src=\"https:\/\/in-frieden-kommen.de\/wp-content\/uploads\/2022\/05\/IMG_9839-1024x768.jpg\" alt=\"\" class=\"wp-image-2197\" srcset=\"https:\/\/in-frieden-kommen.de\/wp-content\/uploads\/2022\/05\/IMG_9839-1024x768.jpg 1024w, https:\/\/in-frieden-kommen.de\/wp-content\/uploads\/2022\/05\/IMG_9839-300x225.jpg 300w, https:\/\/in-frieden-kommen.de\/wp-content\/uploads\/2022\/05\/IMG_9839-768x576.jpg 768w, https:\/\/in-frieden-kommen.de\/wp-content\/uploads\/2022\/05\/IMG_9839-1536x1152.jpg 1536w, https:\/\/in-frieden-kommen.de\/wp-content\/uploads\/2022\/05\/IMG_9839-2048x1536.jpg 2048w, https:\/\/in-frieden-kommen.de\/wp-content\/uploads\/2022\/05\/IMG_9839-676x507.jpg 676w\" sizes=\"auto, (max-width: 1024px) 100vw, 1024px\" \/><\/figure>\n\n\n\n<p class=\"has-larger-font-size\">&#8222;<strong>In Frieden kommen&#8220;<\/strong><\/p>\n\n\n\n<p>beschreibt zun\u00e4chst ganz grunds\u00e4tzlich das besondere geistig-seelische Potential des <strong><em><a rel=\"noreferrer noopener\" href=\"https:\/\/in-frieden-kommen.de\/in-frieden-kommen\/pilgern\/\" data-type=\"URL\" data-id=\"https:\/\/in-frieden-kommen.de\/in-frieden-kommen\/pilgern\/\" target=\"_blank\">&gt;Pilgerns<\/a><\/em><\/strong>. Und &#8211; nat\u00fcrlich nicht zuf\u00e4llig &#8211; ist das auch die Kernaussage, wenn Menschen ihre Erfahrung mit einem ersten oder wiederholten Aufenthalt im Kloster Gerode in Worte fassen. Tausende von Menschen haben in den letzten Jahrzehnten erlebt, wie sich innerer Frieden bereits nach einigen Tagen an diesem besonderen Ort einstellt und durch die Teilnahme an verschiedenen Angeboten vertieft. Insofern darf man das Kloster bereits heute mit Fug und Recht als &#8222;Friedenszentrum&#8220; bezeichnen (<a rel=\"noreferrer noopener\" href=\"https:\/\/in-frieden-kommen.de\/in-frieden-kommen\/friedensort-gerode\/\" data-type=\"URL\" data-id=\"https:\/\/in-frieden-kommen.de\/in-frieden-kommen\/friedensort-gerode\/\" target=\"_blank\"><strong><em>&gt;Friedensort Gerode<\/em><\/strong><\/a>). <\/p>\n\n\n\n<figure class=\"wp-block-image size-large\"><img loading=\"lazy\" decoding=\"async\" width=\"1024\" height=\"768\" src=\"https:\/\/in-frieden-kommen.de\/wp-content\/uploads\/2022\/05\/20220508_112546-1024x768.jpg\" alt=\"\" class=\"wp-image-2233\" srcset=\"https:\/\/in-frieden-kommen.de\/wp-content\/uploads\/2022\/05\/20220508_112546-1024x768.jpg 1024w, https:\/\/in-frieden-kommen.de\/wp-content\/uploads\/2022\/05\/20220508_112546-300x225.jpg 300w, https:\/\/in-frieden-kommen.de\/wp-content\/uploads\/2022\/05\/20220508_112546-768x576.jpg 768w, https:\/\/in-frieden-kommen.de\/wp-content\/uploads\/2022\/05\/20220508_112546-1536x1152.jpg 1536w, https:\/\/in-frieden-kommen.de\/wp-content\/uploads\/2022\/05\/20220508_112546-2048x1536.jpg 2048w, https:\/\/in-frieden-kommen.de\/wp-content\/uploads\/2022\/05\/20220508_112546-676x507.jpg 676w\" sizes=\"auto, (max-width: 1024px) 100vw, 1024px\" \/><\/figure>\n\n\n\n<p>Das Kloster wird von der \u00fcberkonfessionellen <a rel=\"noreferrer noopener\" href=\"https:\/\/www.wegdermitte.de\/\" data-type=\"URL\" data-id=\"https:\/\/www.wegdermitte.de\/\" target=\"_blank\"><strong><em>&gt;WEG DER MITTE Daya Mullins Stiftung<\/em><\/strong><\/a><strong><a rel=\"noreferrer noopener\" href=\"https:\/\/www.wegdermitte.de\/\" data-type=\"URL\" data-id=\"https:\/\/www.wegdermitte.de\/\" target=\"_blank\"> <\/a><\/strong>betrieben, die ihre Wurzeln als Verein in Berlin hat; Schwerpunkte des Angebots liegen in den vier S\u00e4ulen: &#8222;Gesund leben, Ausbilden, Pflegen und Heilen&#8220;. Mein eigener Bezug zur Arbeit von Verein und Stiftung ergab sich zun\u00e4chst \u00fcber die Teilnahme an Meditations-Retreats, Benefit-Yoga, Detoxkuren und Kloster-Auszeiten; und dann besonders durch meine langj\u00e4hrige Erfahrung als Gastdozent. Ich konnte beobachten, wie mein eigener Lehrschwerpunkt mit den Themen pers\u00f6nlicher Sinnfindung, Meditation und Achtsamkeit auf eine wunderbare Weise in die Qualit\u00e4t des Ortes und in die  achtsamen Strukturen eingebettet ist, wie sie von der Klostergemeinschaft angeleitet und im Klosteralltag vorgelebt werden. <\/p>\n\n\n\n<p><\/p>\n\n\n\n<p>In Erweiterung dieses heutigen heilsamen Wirkens gibt es inzwischen eine bereits begonnene, aber dar\u00fcber weit hinausweisende Vision: die Revitalisierung der Klosterkirche (von der nur noch die Au\u00dfenmauern stehen) und weiterer Geb\u00e4ude zu einer internationalen Bildungs- und Begegnungsst\u00e4tte f\u00fcr Gesundheit, Kultur und Frieden. Ich selbst habe mich viele Jahre in einer Fundraisinggruppe zur Unterst\u00fctzung dieser Vision engagiert.<\/p>\n\n\n\n<p>Diese Webseite war als Blog f\u00fcr das unterst\u00fctzende Pilgerprojekt entstanden <strong><em>(<a href=\"https:\/\/in-frieden-kommen.de\/in-frieden-kommen\/pilgerblog-2022\/\" data-type=\"URL\" data-id=\"https:\/\/in-frieden-kommen.de\/in-frieden-kommen\/pilgerblog-2022\/\" target=\"_blank\" rel=\"noreferrer noopener\">>Archiv<\/a><\/em><\/strong>) und dient nun als Hinweis f\u00fcr Interessierte an diesem langfristig ausgerichteten vision\u00e4ren Friedensprojekt. <\/p>\n\n\n\n<p><\/p>\n\n\n\n<p><\/p>\n","protected":false},"excerpt":{"rendered":"<p>Unter diesem Motto war ich vom 7.4. bis zum 8.5.2022 auf meiner zweiten gro\u00dfen &gt;Pilgerreise unterwegs zur Unterst\u00fctzung der Friedensarbeit im Kloster Gerode. Diese Webseite war als begleitender &gt;Blog eigens [&hellip;]<\/p>\n","protected":false},"author":1,"featured_media":0,"parent":0,"menu_order":0,"comment_status":"closed","ping_status":"closed","template":"template-fullwidth.php","meta":{"footnotes":""},"class_list":["post-2401","page","type-page","status-publish","hentry","post-preview"],"_links":{"self":[{"href":"https:\/\/in-frieden-kommen.de\/in-frieden-kommen\/wp-json\/wp\/v2\/pages\/2401","targetHints":{"allow":["GET"]}}],"collection":[{"href":"https:\/\/in-frieden-kommen.de\/in-frieden-kommen\/wp-json\/wp\/v2\/pages"}],"about":[{"href":"https:\/\/in-frieden-kommen.de\/in-frieden-kommen\/wp-json\/wp\/v2\/types\/page"}],"author":[{"embeddable":true,"href":"https:\/\/in-frieden-kommen.de\/in-frieden-kommen\/wp-json\/wp\/v2\/users\/1"}],"replies":[{"embeddable":true,"href":"https:\/\/in-frieden-kommen.de\/in-frieden-kommen\/wp-json\/wp\/v2\/comments?post=2401"}],"version-history":[{"count":23,"href":"https:\/\/in-frieden-kommen.de\/in-frieden-kommen\/wp-json\/wp\/v2\/pages\/2401\/revisions"}],"predecessor-version":[{"id":2634,"href":"https:\/\/in-frieden-kommen.de\/in-frieden-kommen\/wp-json\/wp\/v2\/pages\/2401\/revisions\/2634"}],"wp:attachment":[{"href":"https:\/\/in-frieden-kommen.de\/in-frieden-kommen\/wp-json\/wp\/v2\/media?parent=2401"}],"curies":[{"name":"wp","href":"https:\/\/api.w.org\/{rel}","templated":true}]}}